{"id":9,"date":"2015-01-06T18:57:46","date_gmt":"2015-01-06T18:57:46","guid":{"rendered":"http:\/\/askalocalapp.com\/welcome\/bonjour\/?page_id=9"},"modified":"2015-01-23T18:55:19","modified_gmt":"2015-01-23T18:55:19","slug":"londres","status":"publish","type":"page","link":"https:\/\/askalocalapp.com\/welcome\/bonjour\/londres\/","title":{"rendered":"Londres"},"content":{"rendered":"<div>\n<div dir=\"ltr\">\n<div>\n<div>\n<div>\n<div>\n<div dir=\"ltr\">\n<div>\n<div>En tant que locaux, nous savons comment trouver les bons plans \u00e0 Londres pour les visites, les restaurants ou le shopping.<\/div>\n<div><\/div>\n<div>Nous avons rassembl\u00e9 les meilleurs blogs et sites internet pour que vous puissiez profiter de votre s\u00e9jour \u00e0 Londres.<\/div>\n<div><\/div>\n<div>Pour certains sites, nos liens vous dirigent vers la page d&rsquo;accueil (homepage), pour d&rsquo;autres, vers les posts les plus utiles.<\/div>\n<\/div>\n<\/div>\n<\/div>\n<\/div>\n<\/div>\n<\/div>\n<\/div>\n<\/div>\n<p>&nbsp;<\/p>\n","protected":false},"excerpt":{"rendered":"<p>En tant que locaux, nous savons comment trouver les bons plans \u00e0 Londres pour les visites, les restaurants ou le shopping. Nous avons rassembl\u00e9 les meilleurs blogs et sites internet pour que vous puissiez profiter de votre s\u00e9jour \u00e0 Londres. Pour certains sites, nos liens vous dirigent vers la page d&rsquo;accueil (homepage), pour d&rsquo;autres, vers [&hellip;]<\/p>\n","protected":false},"author":1,"featured_media":0,"parent":0,"menu_order":0,"comment_status":"open","ping_status":"open","template":"page-portfolio.php","meta":{"jetpack_post_was_ever_published":false,"footnotes":"","_links_to":"","_links_to_target":""},"class_list":["post-9","page","type-page","status-publish","hentry"],"yoast_head":"<!-- This site is optimized with the Yoast SEO plugin v24.1 - https:\/\/yoast.com\/wordpress\/plugins\/seo\/ -->\n<title>Londres - Ask a Local - fran\u00e7ais<\/title>\n<meta name=\"robots\" content=\"index, follow, max-snippet:-1, max-image-preview:large, max-video-preview:-1\" \/>\n<link rel=\"canonical\" href=\"https:\/\/askalocalapp.com\/welcome\/bonjour\/londres\/\" \/>\n<meta property=\"og:locale\" content=\"fr_FR\" \/>\n<meta property=\"og:type\" content=\"article\" \/>\n<meta property=\"og:title\" content=\"Londres - Ask a Local - fran\u00e7ais\" \/>\n<meta property=\"og:description\" content=\"En tant que locaux, nous savons comment trouver les bons plans \u00e0 Londres pour les visites, les restaurants ou le shopping. Nous avons rassembl\u00e9 les meilleurs blogs et sites internet pour que vous puissiez profiter de votre s\u00e9jour \u00e0 Londres. Pour certains sites, nos liens vous dirigent vers la page d&rsquo;accueil (homepage), pour d&rsquo;autres, vers [&hellip;]\" \/>\n<meta property=\"og:url\" content=\"https:\/\/askalocalapp.com\/welcome\/bonjour\/londres\/\" \/>\n<meta property=\"og:site_name\" content=\"Ask a Local - fran\u00e7ais\" \/>\n<meta property=\"article:modified_time\" content=\"2015-01-23T18:55:19+00:00\" \/>\n<script type=\"application\/ld+json\" class=\"yoast-schema-graph\">{\"@context\":\"https:\/\/schema.org\",\"@graph\":[{\"@type\":\"WebPage\",\"@id\":\"https:\/\/askalocalapp.com\/welcome\/bonjour\/londres\/\",\"url\":\"https:\/\/askalocalapp.com\/welcome\/bonjour\/londres\/\",\"name\":\"Londres - Ask a Local - fran\u00e7ais\",\"isPartOf\":{\"@id\":\"https:\/\/askalocalapp.com\/welcome\/bonjour\/#website\"},\"datePublished\":\"2015-01-06T18:57:46+00:00\",\"dateModified\":\"2015-01-23T18:55:19+00:00\",\"breadcrumb\":{\"@id\":\"https:\/\/askalocalapp.com\/welcome\/bonjour\/londres\/#breadcrumb\"},\"inLanguage\":\"fr-FR\",\"potentialAction\":[{\"@type\":\"ReadAction\",\"target\":[\"https:\/\/askalocalapp.com\/welcome\/bonjour\/londres\/\"]}]},{\"@type\":\"BreadcrumbList\",\"@id\":\"https:\/\/askalocalapp.com\/welcome\/bonjour\/londres\/#breadcrumb\",\"itemListElement\":[{\"@type\":\"ListItem\",\"position\":1,\"name\":\"Home\",\"item\":\"https:\/\/askalocalapp.com\/welcome\/bonjour\/\"},{\"@type\":\"ListItem\",\"position\":2,\"name\":\"Londres\"}]},{\"@type\":\"WebSite\",\"@id\":\"https:\/\/askalocalapp.com\/welcome\/bonjour\/#website\",\"url\":\"https:\/\/askalocalapp.com\/welcome\/bonjour\/\",\"name\":\"Ask a Local - fran\u00e7ais\",\"description\":\"Just another Ask a Local Sites site\",\"potentialAction\":[{\"@type\":\"SearchAction\",\"target\":{\"@type\":\"EntryPoint\",\"urlTemplate\":\"https:\/\/askalocalapp.com\/welcome\/bonjour\/?s={search_term_string}\"},\"query-input\":{\"@type\":\"PropertyValueSpecification\",\"valueRequired\":true,\"valueName\":\"search_term_string\"}}],\"inLanguage\":\"fr-FR\"}]}<\/script>\n<!-- \/ Yoast SEO plugin. -->","yoast_head_json":{"title":"Londres - Ask a Local - fran\u00e7ais","robots":{"index":"index","follow":"follow","max-snippet":"max-snippet:-1","max-image-preview":"max-image-preview:large","max-video-preview":"max-video-preview:-1"},"canonical":"https:\/\/askalocalapp.com\/welcome\/bonjour\/londres\/","og_locale":"fr_FR","og_type":"article","og_title":"Londres - Ask a Local - fran\u00e7ais","og_description":"En tant que locaux, nous savons comment trouver les bons plans \u00e0 Londres pour les visites, les restaurants ou le shopping. Nous avons rassembl\u00e9 les meilleurs blogs et sites internet pour que vous puissiez profiter de votre s\u00e9jour \u00e0 Londres. Pour certains sites, nos liens vous dirigent vers la page d&rsquo;accueil (homepage), pour d&rsquo;autres, vers [&hellip;]","og_url":"https:\/\/askalocalapp.com\/welcome\/bonjour\/londres\/","og_site_name":"Ask a Local - fran\u00e7ais","article_modified_time":"2015-01-23T18:55:19+00:00","schema":{"@context":"https:\/\/schema.org","@graph":[{"@type":"WebPage","@id":"https:\/\/askalocalapp.com\/welcome\/bonjour\/londres\/","url":"https:\/\/askalocalapp.com\/welcome\/bonjour\/londres\/","name":"Londres - Ask a Local - fran\u00e7ais","isPartOf":{"@id":"https:\/\/askalocalapp.com\/welcome\/bonjour\/#website"},"datePublished":"2015-01-06T18:57:46+00:00","dateModified":"2015-01-23T18:55:19+00:00","breadcrumb":{"@id":"https:\/\/askalocalapp.com\/welcome\/bonjour\/londres\/#breadcrumb"},"inLanguage":"fr-FR","potentialAction":[{"@type":"ReadAction","target":["https:\/\/askalocalapp.com\/welcome\/bonjour\/londres\/"]}]},{"@type":"BreadcrumbList","@id":"https:\/\/askalocalapp.com\/welcome\/bonjour\/londres\/#breadcrumb","itemListElement":[{"@type":"ListItem","position":1,"name":"Home","item":"https:\/\/askalocalapp.com\/welcome\/bonjour\/"},{"@type":"ListItem","position":2,"name":"Londres"}]},{"@type":"WebSite","@id":"https:\/\/askalocalapp.com\/welcome\/bonjour\/#website","url":"https:\/\/askalocalapp.com\/welcome\/bonjour\/","name":"Ask a Local - fran\u00e7ais","description":"Just another Ask a Local Sites site","potentialAction":[{"@type":"SearchAction","target":{"@type":"EntryPoint","urlTemplate":"https:\/\/askalocalapp.com\/welcome\/bonjour\/?s={search_term_string}"},"query-input":{"@type":"PropertyValueSpecification","valueRequired":true,"valueName":"search_term_string"}}],"inLanguage":"fr-FR"}]}},"jetpack_sharing_enabled":true,"jetpack_shortlink":"https:\/\/wp.me\/P5nYEd-9","_links":{"self":[{"href":"https:\/\/askalocalapp.com\/welcome\/bonjour\/wp-json\/wp\/v2\/pages\/9","targetHints":{"allow":["GET"]}}],"collection":[{"href":"https:\/\/askalocalapp.com\/welcome\/bonjour\/wp-json\/wp\/v2\/pages"}],"about":[{"href":"https:\/\/askalocalapp.com\/welcome\/bonjour\/wp-json\/wp\/v2\/types\/page"}],"author":[{"embeddable":true,"href":"https:\/\/askalocalapp.com\/welcome\/bonjour\/wp-json\/wp\/v2\/users\/1"}],"replies":[{"embeddable":true,"href":"https:\/\/askalocalapp.com\/welcome\/bonjour\/wp-json\/wp\/v2\/comments?post=9"}],"version-history":[{"count":0,"href":"https:\/\/askalocalapp.com\/welcome\/bonjour\/wp-json\/wp\/v2\/pages\/9\/revisions"}],"wp:attachment":[{"href":"https:\/\/askalocalapp.com\/welcome\/bonjour\/wp-json\/wp\/v2\/media?parent=9"}],"curies":[{"name":"wp","href":"https:\/\/api.w.org\/{rel}","templated":true}]}}