{"id":11,"date":"2014-11-24T18:28:32","date_gmt":"2014-11-24T18:28:32","guid":{"rendered":"http:\/\/askalocalapp.com\/welcome\/ola\/?page_id=11"},"modified":"2020-06-03T12:03:39","modified_gmt":"2020-06-03T12:03:39","slug":"localizacoes","status":"publish","type":"page","link":"https:\/\/askalocalapp.com\/welcome\/ola\/localizacoes\/","title":{"rendered":"localiza\u00e7\u00f5es"},"content":{"rendered":"<h1>Escolha uma das cidades abaixo:<\/h1>\n<p>&nbsp;<\/p>\n<p><a title=\"Londres\" href=\"http:\/\/askalocalapp.com\/welcome\/ola\/londres\/\">Londres<\/a><\/p>\n<p><a href=\"http:\/\/askalocalapp.com\/welcome\/paris\/\">Paris (English)<\/a><\/p>\n<p><a href=\"http:\/\/askalocalapp.com\/welcome\/new-york\/\">Nova Iorque&nbsp;(English)<\/a><\/p>\n<p><a href=\"http:\/\/askalocalapp.com\/welcome\/tel-aviv\/\">Tel Aviv&nbsp;(English)<\/a><\/p>\n<p><a href=\"http:\/\/askalocalapp.com\/welcome\/rome\/\">Roma&nbsp;(English)<\/a><\/p>\n","protected":false},"excerpt":{"rendered":"<p>Escolha uma das cidades abaixo: &nbsp; Londres Paris (English) Nova Iorque&nbsp;(English) Tel Aviv&nbsp;(English) Roma&nbsp;(English)<\/p>\n","protected":false},"author":1,"featured_media":0,"parent":0,"menu_order":0,"comment_status":"closed","ping_status":"open","template":"","meta":{"jetpack_post_was_ever_published":false,"footnotes":"","_links_to":"","_links_to_target":""},"class_list":["post-11","page","type-page","status-publish","hentry"],"yoast_head":"<!-- This site is optimized with the Yoast SEO plugin v24.1 - https:\/\/yoast.com\/wordpress\/plugins\/seo\/ -->\n<title>localiza\u00e7\u00f5es - Ask a local - portugu\u00eas<\/title>\n<meta name=\"robots\" content=\"index, follow, max-snippet:-1, max-image-preview:large, max-video-preview:-1\" \/>\n<link rel=\"canonical\" href=\"https:\/\/askalocalapp.com\/welcome\/ola\/localizacoes\/\" \/>\n<meta property=\"og:locale\" content=\"pt_PT\" \/>\n<meta property=\"og:type\" content=\"article\" \/>\n<meta property=\"og:title\" content=\"localiza\u00e7\u00f5es - Ask a local - portugu\u00eas\" \/>\n<meta property=\"og:description\" content=\"Escolha uma das cidades abaixo: &nbsp; Londres Paris (English) Nova Iorque&nbsp;(English) Tel Aviv&nbsp;(English) Roma&nbsp;(English)\" \/>\n<meta property=\"og:url\" content=\"https:\/\/askalocalapp.com\/welcome\/ola\/localizacoes\/\" \/>\n<meta property=\"og:site_name\" content=\"Ask a local - portugu\u00eas\" \/>\n<meta property=\"article:modified_time\" content=\"2020-06-03T12:03:39+00:00\" \/>\n<script type=\"application\/ld+json\" class=\"yoast-schema-graph\">{\"@context\":\"https:\/\/schema.org\",\"@graph\":[{\"@type\":\"WebPage\",\"@id\":\"https:\/\/askalocalapp.com\/welcome\/ola\/localizacoes\/\",\"url\":\"https:\/\/askalocalapp.com\/welcome\/ola\/localizacoes\/\",\"name\":\"localiza\u00e7\u00f5es - Ask a local - portugu\u00eas\",\"isPartOf\":{\"@id\":\"https:\/\/askalocalapp.com\/welcome\/ola\/#website\"},\"datePublished\":\"2014-11-24T18:28:32+00:00\",\"dateModified\":\"2020-06-03T12:03:39+00:00\",\"breadcrumb\":{\"@id\":\"https:\/\/askalocalapp.com\/welcome\/ola\/localizacoes\/#breadcrumb\"},\"inLanguage\":\"pt-PT\",\"potentialAction\":[{\"@type\":\"ReadAction\",\"target\":[\"https:\/\/askalocalapp.com\/welcome\/ola\/localizacoes\/\"]}]},{\"@type\":\"BreadcrumbList\",\"@id\":\"https:\/\/askalocalapp.com\/welcome\/ola\/localizacoes\/#breadcrumb\",\"itemListElement\":[{\"@type\":\"ListItem\",\"position\":1,\"name\":\"Home\",\"item\":\"https:\/\/askalocalapp.com\/welcome\/ola\/\"},{\"@type\":\"ListItem\",\"position\":2,\"name\":\"localiza\u00e7\u00f5es\"}]},{\"@type\":\"WebSite\",\"@id\":\"https:\/\/askalocalapp.com\/welcome\/ola\/#website\",\"url\":\"https:\/\/askalocalapp.com\/welcome\/ola\/\",\"name\":\"Ask a local - portugu\u00eas\",\"description\":\"Compartilhando dicas locais\",\"potentialAction\":[{\"@type\":\"SearchAction\",\"target\":{\"@type\":\"EntryPoint\",\"urlTemplate\":\"https:\/\/askalocalapp.com\/welcome\/ola\/?s={search_term_string}\"},\"query-input\":{\"@type\":\"PropertyValueSpecification\",\"valueRequired\":true,\"valueName\":\"search_term_string\"}}],\"inLanguage\":\"pt-PT\"}]}<\/script>\n<!-- \/ Yoast SEO plugin. -->","yoast_head_json":{"title":"localiza\u00e7\u00f5es - Ask a local - portugu\u00eas","robots":{"index":"index","follow":"follow","max-snippet":"max-snippet:-1","max-image-preview":"max-image-preview:large","max-video-preview":"max-video-preview:-1"},"canonical":"https:\/\/askalocalapp.com\/welcome\/ola\/localizacoes\/","og_locale":"pt_PT","og_type":"article","og_title":"localiza\u00e7\u00f5es - Ask a local - portugu\u00eas","og_description":"Escolha uma das cidades abaixo: &nbsp; Londres Paris (English) Nova Iorque&nbsp;(English) Tel Aviv&nbsp;(English) Roma&nbsp;(English)","og_url":"https:\/\/askalocalapp.com\/welcome\/ola\/localizacoes\/","og_site_name":"Ask a local - portugu\u00eas","article_modified_time":"2020-06-03T12:03:39+00:00","schema":{"@context":"https:\/\/schema.org","@graph":[{"@type":"WebPage","@id":"https:\/\/askalocalapp.com\/welcome\/ola\/localizacoes\/","url":"https:\/\/askalocalapp.com\/welcome\/ola\/localizacoes\/","name":"localiza\u00e7\u00f5es - Ask a local - portugu\u00eas","isPartOf":{"@id":"https:\/\/askalocalapp.com\/welcome\/ola\/#website"},"datePublished":"2014-11-24T18:28:32+00:00","dateModified":"2020-06-03T12:03:39+00:00","breadcrumb":{"@id":"https:\/\/askalocalapp.com\/welcome\/ola\/localizacoes\/#breadcrumb"},"inLanguage":"pt-PT","potentialAction":[{"@type":"ReadAction","target":["https:\/\/askalocalapp.com\/welcome\/ola\/localizacoes\/"]}]},{"@type":"BreadcrumbList","@id":"https:\/\/askalocalapp.com\/welcome\/ola\/localizacoes\/#breadcrumb","itemListElement":[{"@type":"ListItem","position":1,"name":"Home","item":"https:\/\/askalocalapp.com\/welcome\/ola\/"},{"@type":"ListItem","position":2,"name":"localiza\u00e7\u00f5es"}]},{"@type":"WebSite","@id":"https:\/\/askalocalapp.com\/welcome\/ola\/#website","url":"https:\/\/askalocalapp.com\/welcome\/ola\/","name":"Ask a local - portugu\u00eas","description":"Compartilhando dicas locais","potentialAction":[{"@type":"SearchAction","target":{"@type":"EntryPoint","urlTemplate":"https:\/\/askalocalapp.com\/welcome\/ola\/?s={search_term_string}"},"query-input":{"@type":"PropertyValueSpecification","valueRequired":true,"valueName":"search_term_string"}}],"inLanguage":"pt-PT"}]}},"jetpack_sharing_enabled":true,"jetpack_shortlink":"https:\/\/wp.me\/P5nYEk-b","_links":{"self":[{"href":"https:\/\/askalocalapp.com\/welcome\/ola\/wp-json\/wp\/v2\/pages\/11","targetHints":{"allow":["GET"]}}],"collection":[{"href":"https:\/\/askalocalapp.com\/welcome\/ola\/wp-json\/wp\/v2\/pages"}],"about":[{"href":"https:\/\/askalocalapp.com\/welcome\/ola\/wp-json\/wp\/v2\/types\/page"}],"author":[{"embeddable":true,"href":"https:\/\/askalocalapp.com\/welcome\/ola\/wp-json\/wp\/v2\/users\/1"}],"replies":[{"embeddable":true,"href":"https:\/\/askalocalapp.com\/welcome\/ola\/wp-json\/wp\/v2\/comments?post=11"}],"version-history":[{"count":1,"href":"https:\/\/askalocalapp.com\/welcome\/ola\/wp-json\/wp\/v2\/pages\/11\/revisions"}],"predecessor-version":[{"id":76,"href":"https:\/\/askalocalapp.com\/welcome\/ola\/wp-json\/wp\/v2\/pages\/11\/revisions\/76"}],"wp:attachment":[{"href":"https:\/\/askalocalapp.com\/welcome\/ola\/wp-json\/wp\/v2\/media?parent=11"}],"curies":[{"name":"wp","href":"https:\/\/api.w.org\/{rel}","templated":true}]}}