{"id":13,"date":"2014-11-24T18:49:39","date_gmt":"2014-11-24T18:49:39","guid":{"rendered":"http:\/\/askalocalapp.com\/welcome\/ola\/?page_id=13"},"modified":"2015-01-18T22:41:23","modified_gmt":"2015-01-18T22:41:23","slug":"londres","status":"publish","type":"page","link":"https:\/\/askalocalapp.com\/welcome\/ola\/londres\/","title":{"rendered":"Londres"},"content":{"rendered":"<p>Como somos locais, sabemos onde encontrar as informa\u00e7\u00f5es mais confi\u00e1veis para atra\u00e7\u00f5es tur\u00edsticas, onde comer, e onde fazer compras em Londres.<\/p>\n<p>N\u00f3s reunimos uma colet\u00e2nia dos melhores blogs e p\u00e1ginas web, para voc\u00ea melhor aproveitar sua estadia em Londres.<\/p>\n","protected":false},"excerpt":{"rendered":"<p>Como somos locais, sabemos onde encontrar as informa\u00e7\u00f5es mais confi\u00e1veis para atra\u00e7\u00f5es tur\u00edsticas, onde comer, e onde fazer compras em Londres. N\u00f3s reunimos uma colet\u00e2nia dos melhores blogs e p\u00e1ginas web, para voc\u00ea melhor aproveitar sua estadia em Londres.<\/p>\n","protected":false},"author":1,"featured_media":0,"parent":0,"menu_order":0,"comment_status":"open","ping_status":"open","template":"page-portfolio.php","meta":{"jetpack_post_was_ever_published":false,"footnotes":"","_links_to":"","_links_to_target":""},"class_list":["post-13","page","type-page","status-publish","hentry"],"yoast_head":"<!-- This site is optimized with the Yoast SEO plugin v24.1 - https:\/\/yoast.com\/wordpress\/plugins\/seo\/ -->\n<title>Londres - Ask a local - portugu\u00eas<\/title>\n<meta name=\"robots\" content=\"index, follow, max-snippet:-1, max-image-preview:large, max-video-preview:-1\" \/>\n<link rel=\"canonical\" href=\"https:\/\/askalocalapp.com\/welcome\/ola\/londres\/\" \/>\n<meta property=\"og:locale\" content=\"pt_PT\" \/>\n<meta property=\"og:type\" content=\"article\" \/>\n<meta property=\"og:title\" content=\"Londres - Ask a local - portugu\u00eas\" \/>\n<meta property=\"og:description\" content=\"Como somos locais, sabemos onde encontrar as informa\u00e7\u00f5es mais confi\u00e1veis para atra\u00e7\u00f5es tur\u00edsticas, onde comer, e onde fazer compras em Londres. N\u00f3s reunimos uma colet\u00e2nia dos melhores blogs e p\u00e1ginas web, para voc\u00ea melhor aproveitar sua estadia em Londres.\" \/>\n<meta property=\"og:url\" content=\"https:\/\/askalocalapp.com\/welcome\/ola\/londres\/\" \/>\n<meta property=\"og:site_name\" content=\"Ask a local - portugu\u00eas\" \/>\n<meta property=\"article:modified_time\" content=\"2015-01-18T22:41:23+00:00\" \/>\n<script type=\"application\/ld+json\" class=\"yoast-schema-graph\">{\"@context\":\"https:\/\/schema.org\",\"@graph\":[{\"@type\":\"WebPage\",\"@id\":\"https:\/\/askalocalapp.com\/welcome\/ola\/londres\/\",\"url\":\"https:\/\/askalocalapp.com\/welcome\/ola\/londres\/\",\"name\":\"Londres - Ask a local - portugu\u00eas\",\"isPartOf\":{\"@id\":\"https:\/\/askalocalapp.com\/welcome\/ola\/#website\"},\"datePublished\":\"2014-11-24T18:49:39+00:00\",\"dateModified\":\"2015-01-18T22:41:23+00:00\",\"breadcrumb\":{\"@id\":\"https:\/\/askalocalapp.com\/welcome\/ola\/londres\/#breadcrumb\"},\"inLanguage\":\"pt-PT\",\"potentialAction\":[{\"@type\":\"ReadAction\",\"target\":[\"https:\/\/askalocalapp.com\/welcome\/ola\/londres\/\"]}]},{\"@type\":\"BreadcrumbList\",\"@id\":\"https:\/\/askalocalapp.com\/welcome\/ola\/londres\/#breadcrumb\",\"itemListElement\":[{\"@type\":\"ListItem\",\"position\":1,\"name\":\"Home\",\"item\":\"https:\/\/askalocalapp.com\/welcome\/ola\/\"},{\"@type\":\"ListItem\",\"position\":2,\"name\":\"Londres\"}]},{\"@type\":\"WebSite\",\"@id\":\"https:\/\/askalocalapp.com\/welcome\/ola\/#website\",\"url\":\"https:\/\/askalocalapp.com\/welcome\/ola\/\",\"name\":\"Ask a local - portugu\u00eas\",\"description\":\"Compartilhando dicas locais\",\"potentialAction\":[{\"@type\":\"SearchAction\",\"target\":{\"@type\":\"EntryPoint\",\"urlTemplate\":\"https:\/\/askalocalapp.com\/welcome\/ola\/?s={search_term_string}\"},\"query-input\":{\"@type\":\"PropertyValueSpecification\",\"valueRequired\":true,\"valueName\":\"search_term_string\"}}],\"inLanguage\":\"pt-PT\"}]}<\/script>\n<!-- \/ Yoast SEO plugin. -->","yoast_head_json":{"title":"Londres - Ask a local - portugu\u00eas","robots":{"index":"index","follow":"follow","max-snippet":"max-snippet:-1","max-image-preview":"max-image-preview:large","max-video-preview":"max-video-preview:-1"},"canonical":"https:\/\/askalocalapp.com\/welcome\/ola\/londres\/","og_locale":"pt_PT","og_type":"article","og_title":"Londres - Ask a local - portugu\u00eas","og_description":"Como somos locais, sabemos onde encontrar as informa\u00e7\u00f5es mais confi\u00e1veis para atra\u00e7\u00f5es tur\u00edsticas, onde comer, e onde fazer compras em Londres. N\u00f3s reunimos uma colet\u00e2nia dos melhores blogs e p\u00e1ginas web, para voc\u00ea melhor aproveitar sua estadia em Londres.","og_url":"https:\/\/askalocalapp.com\/welcome\/ola\/londres\/","og_site_name":"Ask a local - portugu\u00eas","article_modified_time":"2015-01-18T22:41:23+00:00","schema":{"@context":"https:\/\/schema.org","@graph":[{"@type":"WebPage","@id":"https:\/\/askalocalapp.com\/welcome\/ola\/londres\/","url":"https:\/\/askalocalapp.com\/welcome\/ola\/londres\/","name":"Londres - Ask a local - portugu\u00eas","isPartOf":{"@id":"https:\/\/askalocalapp.com\/welcome\/ola\/#website"},"datePublished":"2014-11-24T18:49:39+00:00","dateModified":"2015-01-18T22:41:23+00:00","breadcrumb":{"@id":"https:\/\/askalocalapp.com\/welcome\/ola\/londres\/#breadcrumb"},"inLanguage":"pt-PT","potentialAction":[{"@type":"ReadAction","target":["https:\/\/askalocalapp.com\/welcome\/ola\/londres\/"]}]},{"@type":"BreadcrumbList","@id":"https:\/\/askalocalapp.com\/welcome\/ola\/londres\/#breadcrumb","itemListElement":[{"@type":"ListItem","position":1,"name":"Home","item":"https:\/\/askalocalapp.com\/welcome\/ola\/"},{"@type":"ListItem","position":2,"name":"Londres"}]},{"@type":"WebSite","@id":"https:\/\/askalocalapp.com\/welcome\/ola\/#website","url":"https:\/\/askalocalapp.com\/welcome\/ola\/","name":"Ask a local - portugu\u00eas","description":"Compartilhando dicas locais","potentialAction":[{"@type":"SearchAction","target":{"@type":"EntryPoint","urlTemplate":"https:\/\/askalocalapp.com\/welcome\/ola\/?s={search_term_string}"},"query-input":{"@type":"PropertyValueSpecification","valueRequired":true,"valueName":"search_term_string"}}],"inLanguage":"pt-PT"}]}},"jetpack_sharing_enabled":true,"jetpack_shortlink":"https:\/\/wp.me\/P5nYEk-d","_links":{"self":[{"href":"https:\/\/askalocalapp.com\/welcome\/ola\/wp-json\/wp\/v2\/pages\/13","targetHints":{"allow":["GET"]}}],"collection":[{"href":"https:\/\/askalocalapp.com\/welcome\/ola\/wp-json\/wp\/v2\/pages"}],"about":[{"href":"https:\/\/askalocalapp.com\/welcome\/ola\/wp-json\/wp\/v2\/types\/page"}],"author":[{"embeddable":true,"href":"https:\/\/askalocalapp.com\/welcome\/ola\/wp-json\/wp\/v2\/users\/1"}],"replies":[{"embeddable":true,"href":"https:\/\/askalocalapp.com\/welcome\/ola\/wp-json\/wp\/v2\/comments?post=13"}],"version-history":[{"count":0,"href":"https:\/\/askalocalapp.com\/welcome\/ola\/wp-json\/wp\/v2\/pages\/13\/revisions"}],"wp:attachment":[{"href":"https:\/\/askalocalapp.com\/welcome\/ola\/wp-json\/wp\/v2\/media?parent=13"}],"curies":[{"name":"wp","href":"https:\/\/api.w.org\/{rel}","templated":true}]}}